{"id":129,"date":"2018-07-19T11:55:37","date_gmt":"2018-07-19T11:55:37","guid":{"rendered":"https:\/\/demo.evisionthemes.com\/business-click\/?page_id=129"},"modified":"2018-11-01T14:24:13","modified_gmt":"2018-11-01T13:24:13","slug":"nos-services","status":"publish","type":"page","link":"https:\/\/digi-lex.be\/index.php\/nos-services\/","title":{"rendered":"Nos Services"},"content":{"rendered":"\t\t<div data-elementor-type=\"wp-post\" data-elementor-id=\"129\" class=\"elementor elementor-129 elementor-bc-flex-widget\">\n\t\t\t\t\t\t\t\t\t<section class=\"elementor-section elementor-top-section elementor-element elementor-element-195bde6e elementor-section-boxed elementor-section-height-default elementor-section-height-default\" data-id=\"195bde6e\" data-element_type=\"section\">\n\t\t\t\t\t\t<div class=\"elementor-container elementor-column-gap-default\">\n\t\t\t\t\t<div class=\"elementor-column elementor-col-100 elementor-top-column elementor-element elementor-element-17f0db9\" data-id=\"17f0db9\" data-element_type=\"column\">\n\t\t\t<div class=\"elementor-widget-wrap elementor-element-populated\">\n\t\t\t\t\t\t\t\t<div class=\"elementor-element elementor-element-7e0a94c9 elementor-widget elementor-widget-text-editor\" data-id=\"7e0a94c9\" data-element_type=\"widget\" data-widget_type=\"text-editor.default\">\n\t\t\t\t<div class=\"elementor-widget-container\">\n\t\t\t<style>\/*! elementor - v3.18.0 - 29-11-2023 *\/\n.elementor-widget-text-editor.elementor-drop-cap-view-stacked .elementor-drop-cap{background-color:#69727d;color:#fff}.elementor-widget-text-editor.elementor-drop-cap-view-framed .elementor-drop-cap{color:#69727d;border:3px solid;background-color:transparent}.elementor-widget-text-editor:not(.elementor-drop-cap-view-default) .elementor-drop-cap{margin-top:8px}.elementor-widget-text-editor:not(.elementor-drop-cap-view-default) .elementor-drop-cap-letter{width:1em;height:1em}.elementor-widget-text-editor .elementor-drop-cap{float:left;text-align:center;line-height:1;font-size:50px}.elementor-widget-text-editor .elementor-drop-cap-letter{display:inline-block}<\/style>\t\t\t\t<p>Notre formation et notre exp\u00e9rience vous assurent un conseil de qualit\u00e9.<\/p><p>Notre sp\u00e9cialisation nous permet de fournir un conseil et un soutien juridique en ad\u00e9quation avec les nouvelles technologies (conformit\u00e9 du traitement de donn\u00e9es (RGPD compliance), e-commerce, e-r\u00e9putation, propri\u00e9t\u00e9 intellectuelle, e-gouvernement et e-gouvernance, \u2026<\/p><p>Nous sommes efficients, disponibles et nous avons le souci de la qualit\u00e9.\u00a0<\/p><p>Nous mettons l\u2019accent sur notre proximit\u00e9 avec nos clients pour fournir un travail sur mesure, et le meilleur accompagnement possible sur les projets envisag\u00e9s. Nous voulons aussi construire une relation de confiance avec le client bas\u00e9e sur l\u2019\u00e9coute et le travail dans la dur\u00e9e.<\/p>\t\t\t\t\t\t<\/div>\n\t\t\t\t<\/div>\n\t\t\t\t\t<\/div>\n\t\t<\/div>\n\t\t\t\t\t\t\t<\/div>\n\t\t<\/section>\n\t\t\t\t\t\t\t<\/div>\n\t\t","protected":false},"excerpt":{"rendered":"<p>Notre formation et notre exp\u00e9rience vous assurent un conseil de qualit\u00e9. Notre sp\u00e9cialisation nous permet de fournir un conseil et un soutien juridique en ad\u00e9quation&hellip;<\/p>\n","protected":false},"author":1,"featured_media":238,"parent":0,"menu_order":0,"comment_status":"closed","ping_status":"closed","template":"","meta":{"footnotes":""},"aioseo_notices":[],"_links":{"self":[{"href":"https:\/\/digi-lex.be\/index.php\/wp-json\/wp\/v2\/pages\/129"}],"collection":[{"href":"https:\/\/digi-lex.be\/index.php\/wp-json\/wp\/v2\/pages"}],"about":[{"href":"https:\/\/digi-lex.be\/index.php\/wp-json\/wp\/v2\/types\/page"}],"author":[{"embeddable":true,"href":"https:\/\/digi-lex.be\/index.php\/wp-json\/wp\/v2\/users\/1"}],"replies":[{"embeddable":true,"href":"https:\/\/digi-lex.be\/index.php\/wp-json\/wp\/v2\/comments?post=129"}],"version-history":[{"count":6,"href":"https:\/\/digi-lex.be\/index.php\/wp-json\/wp\/v2\/pages\/129\/revisions"}],"predecessor-version":[{"id":755,"href":"https:\/\/digi-lex.be\/index.php\/wp-json\/wp\/v2\/pages\/129\/revisions\/755"}],"wp:featuredmedia":[{"embeddable":true,"href":"https:\/\/digi-lex.be\/index.php\/wp-json\/wp\/v2\/media\/238"}],"wp:attachment":[{"href":"https:\/\/digi-lex.be\/index.php\/wp-json\/wp\/v2\/media?parent=129"}],"curies":[{"name":"wp","href":"https:\/\/api.w.org\/{rel}","templated":true}]}}