{"id":316,"date":"2018-05-19T04:22:33","date_gmt":"2018-05-19T04:22:33","guid":{"rendered":"https:\/\/customifysites.com\/consulting\/?page_id=316"},"modified":"2020-12-03T11:40:46","modified_gmt":"2020-12-03T10:40:46","slug":"service-dpo","status":"publish","type":"page","link":"https:\/\/digi-lex.be\/index.php\/service-dpo\/","title":{"rendered":"Service DPO"},"content":{"rendered":"\t\t<div data-elementor-type=\"wp-post\" data-elementor-id=\"316\" class=\"elementor elementor-316\">\n\t\t\t\t\t\t\t\t\t<section class=\"elementor-section elementor-top-section elementor-element elementor-element-47b13de elementor-section-content-top elementor-section-boxed elementor-section-height-default elementor-section-height-default\" data-id=\"47b13de\" data-element_type=\"section\">\n\t\t\t\t\t\t<div class=\"elementor-container elementor-column-gap-default\">\n\t\t\t\t\t<div class=\"elementor-column elementor-col-100 elementor-top-column elementor-element elementor-element-cd568ef\" data-id=\"cd568ef\" data-element_type=\"column\">\n\t\t\t<div class=\"elementor-widget-wrap elementor-element-populated\">\n\t\t\t\t\t\t\t\t<div class=\"elementor-element elementor-element-4d88097 elementor-widget elementor-widget-text-editor\" data-id=\"4d88097\" data-element_type=\"widget\" data-widget_type=\"text-editor.default\">\n\t\t\t\t<div class=\"elementor-widget-container\">\n\t\t\t<style>\/*! elementor - v3.18.0 - 29-11-2023 *\/\n.elementor-widget-text-editor.elementor-drop-cap-view-stacked .elementor-drop-cap{background-color:#69727d;color:#fff}.elementor-widget-text-editor.elementor-drop-cap-view-framed .elementor-drop-cap{color:#69727d;border:3px solid;background-color:transparent}.elementor-widget-text-editor:not(.elementor-drop-cap-view-default) .elementor-drop-cap{margin-top:8px}.elementor-widget-text-editor:not(.elementor-drop-cap-view-default) .elementor-drop-cap-letter{width:1em;height:1em}.elementor-widget-text-editor .elementor-drop-cap{float:left;text-align:center;line-height:1;font-size:50px}.elementor-widget-text-editor .elementor-drop-cap-letter{display:inline-block}<\/style>\t\t\t\t<p style=\"text-align: justify;\"><span lang=\"FR-BE\">Si votre entreprise est soumise au RGPD, il y a de fortes chances que celle-ci aie l\u2019obligation de nommer un DPO (<em>Data Protection Officer<\/em>) aussi appel\u00e9 \u00ab\u00a0d\u00e9l\u00e9gu\u00e9 \u00e0 la protection des donn\u00e9es\u00a0\u00bb. Cette personne r\u00e9pond de la bonne administration des donn\u00e9es personnelles de vos clients et elle repr\u00e9sente le point de contact de votre entreprise pour tous probl\u00e8mes en lien avec la vie priv\u00e9e et le traitement des donn\u00e9es.<\/span><\/p><p style=\"text-align: justify;\"><span lang=\"FR-BE\">Sa mission consiste, d\u2019une part \u00e0 informer et \u00e0 conseiller votre organisation, et d\u2019autre part \u00e0 contr\u00f4ler l\u2019application des textes l\u00e9gaux et des r\u00e8gles internes en mati\u00e8re de donn\u00e9es personnelles. Il fait office de point de contact entre votre organisation et l\u2019autorit\u00e9 de contr\u00f4le nationale.<\/span><\/p>\t\t\t\t\t\t<\/div>\n\t\t\t\t<\/div>\n\t\t\t\t\t<\/div>\n\t\t<\/div>\n\t\t\t\t\t\t\t<\/div>\n\t\t<\/section>\n\t\t\t\t<section class=\"elementor-section elementor-top-section elementor-element elementor-element-341ed931 elementor-section-boxed elementor-section-height-default elementor-section-height-default\" data-id=\"341ed931\" data-element_type=\"section\">\n\t\t\t\t\t\t<div class=\"elementor-container elementor-column-gap-default\">\n\t\t\t\t\t<div class=\"elementor-column elementor-col-50 elementor-top-column elementor-element elementor-element-7432ef8f\" data-id=\"7432ef8f\" data-element_type=\"column\">\n\t\t\t<div class=\"elementor-widget-wrap elementor-element-populated\">\n\t\t\t\t\t\t\t\t<div class=\"elementor-element elementor-element-11ba0fb elementor-widget elementor-widget-image\" data-id=\"11ba0fb\" data-element_type=\"widget\" data-widget_type=\"image.default\">\n\t\t\t\t<div class=\"elementor-widget-container\">\n\t\t\t<style>\/*! elementor - v3.18.0 - 29-11-2023 *\/\n.elementor-widget-image{text-align:center}.elementor-widget-image a{display:inline-block}.elementor-widget-image a img[src$=\".svg\"]{width:48px}.elementor-widget-image img{vertical-align:middle;display:inline-block}<\/style>\t\t\t\t\t\t\t\t\t\t\t\t<img decoding=\"async\" src=\"https:\/\/digi-lex.be\/wp-content\/uploads\/elementor\/thumbs\/rawpixel-com-570911-unsplash-nxfkn7iusuouh20ctbfxbclyo52ie5mr42c2qiv744.jpg\" title=\"rawpixel-com-570911-unsplash\" alt=\"rawpixel-com-570911-unsplash\" loading=\"lazy\" \/>\t\t\t\t\t\t\t\t\t\t\t\t\t\t\t<\/div>\n\t\t\t\t<\/div>\n\t\t\t\t<div class=\"elementor-element elementor-element-7638060f elementor-widget elementor-widget-heading\" data-id=\"7638060f\" data-element_type=\"widget\" data-widget_type=\"heading.default\">\n\t\t\t\t<div class=\"elementor-widget-container\">\n\t\t\t<style>\/*! elementor - v3.18.0 - 29-11-2023 *\/\n.elementor-heading-title{padding:0;margin:0;line-height:1}.elementor-widget-heading .elementor-heading-title[class*=elementor-size-]>a{color:inherit;font-size:inherit;line-height:inherit}.elementor-widget-heading .elementor-heading-title.elementor-size-small{font-size:15px}.elementor-widget-heading .elementor-heading-title.elementor-size-medium{font-size:19px}.elementor-widget-heading .elementor-heading-title.elementor-size-large{font-size:29px}.elementor-widget-heading .elementor-heading-title.elementor-size-xl{font-size:39px}.elementor-widget-heading .elementor-heading-title.elementor-size-xxl{font-size:59px}<\/style><h3 class=\"elementor-heading-title elementor-size-default\">Soutien DPO<\/h3>\t\t<\/div>\n\t\t\t\t<\/div>\n\t\t\t\t<div class=\"elementor-element elementor-element-2b677638 elementor-widget elementor-widget-text-editor\" data-id=\"2b677638\" data-element_type=\"widget\" data-widget_type=\"text-editor.default\">\n\t\t\t\t<div class=\"elementor-widget-container\">\n\t\t\t\t\t\t\t<p>La fonction de DPO est une nouveaut\u00e9 impos\u00e9e aux entreprises et aux associations. Les personnes nomm\u00e9es \u00e0 ces postes peuvent parfois se sentir perdues ou submerg\u00e9es face aux nouvelles r\u00e8gles et proc\u00e9dures.<\/p><p>Digilex peut venir en aide \u00e0 votre DPO afin que celui-ci puisse remplir ses fonctions le plus efficacement et sereinement possible.<\/p>\t\t\t\t\t\t<\/div>\n\t\t\t\t<\/div>\n\t\t\t\t<div class=\"elementor-element elementor-element-374ec996 elementor-widget elementor-widget-accordion\" data-id=\"374ec996\" data-element_type=\"widget\" data-widget_type=\"accordion.default\">\n\t\t\t\t<div class=\"elementor-widget-container\">\n\t\t\t<style>\/*! elementor - v3.18.0 - 29-11-2023 *\/\n.elementor-accordion{text-align:left}.elementor-accordion .elementor-accordion-item{border:1px solid #d5d8dc}.elementor-accordion .elementor-accordion-item+.elementor-accordion-item{border-top:none}.elementor-accordion .elementor-tab-title{margin:0;padding:15px 20px;font-weight:700;line-height:1;cursor:pointer;outline:none}.elementor-accordion .elementor-tab-title .elementor-accordion-icon{display:inline-block;width:1.5em}.elementor-accordion .elementor-tab-title .elementor-accordion-icon svg{width:1em;height:1em}.elementor-accordion .elementor-tab-title .elementor-accordion-icon.elementor-accordion-icon-right{float:right;text-align:right}.elementor-accordion .elementor-tab-title .elementor-accordion-icon.elementor-accordion-icon-left{float:left;text-align:left}.elementor-accordion .elementor-tab-title .elementor-accordion-icon .elementor-accordion-icon-closed{display:block}.elementor-accordion .elementor-tab-title .elementor-accordion-icon .elementor-accordion-icon-opened,.elementor-accordion .elementor-tab-title.elementor-active .elementor-accordion-icon-closed{display:none}.elementor-accordion .elementor-tab-title.elementor-active .elementor-accordion-icon-opened{display:block}.elementor-accordion .elementor-tab-content{display:none;padding:15px 20px;border-top:1px solid #d5d8dc}@media (max-width:767px){.elementor-accordion .elementor-tab-title{padding:12px 15px}.elementor-accordion .elementor-tab-title .elementor-accordion-icon{width:1.2em}.elementor-accordion .elementor-tab-content{padding:7px 15px}}.e-con-inner>.elementor-widget-accordion,.e-con>.elementor-widget-accordion{width:var(--container-widget-width);--flex-grow:var(--container-widget-flex-grow)}<\/style>\t\t<div class=\"elementor-accordion\">\n\t\t\t\t\t\t\t<div class=\"elementor-accordion-item\">\n\t\t\t\t\t<div id=\"elementor-tab-title-9271\" class=\"elementor-tab-title\" data-tab=\"1\" role=\"button\" aria-controls=\"elementor-tab-content-9271\" aria-expanded=\"false\">\n\t\t\t\t\t\t\t\t\t\t\t\t\t<span class=\"elementor-accordion-icon elementor-accordion-icon-left\" aria-hidden=\"true\">\n\t\t\t\t\t\t\t\t\t\t\t\t\t\t\t<i class=\"elementor-accordion-icon-closed fa fa-plus\"><\/i>\n\t\t\t\t\t\t\t\t<i class=\"elementor-accordion-icon-opened fa fa-minus\"><\/i>\n\t\t\t\t\t\t\t\t\t\t\t\t\t\t<\/span>\n\t\t\t\t\t\t\t\t\t\t\t\t<a class=\"elementor-accordion-title\" tabindex=\"0\">Accompagnement DPO<\/a>\n\t\t\t\t\t<\/div>\n\t\t\t\t\t<div id=\"elementor-tab-content-9271\" class=\"elementor-tab-content elementor-clearfix\" data-tab=\"1\" role=\"region\" aria-labelledby=\"elementor-tab-title-9271\"><p style=\"text-align: justify;\">Avant m\u00eame de commencer l\u2019accompagnement de votre DPO, nous organisons une rencontre avec ce dernier afin d\u2019\u00e9valuer ses connaissances et sa pr\u00e9paration face aux proc\u00e9dures requises par les nouveaux r\u00e8glements.<\/p>\n<p style=\"text-align: justify;\">Apr\u00e8s cette \u00e9valuation, nous pouvons commen\u00e7ons le soutien, ponctuel ou r\u00e9gulier, selon les besoins de votre entreprise. Nous devenons ainsi un point de r\u00e9f\u00e9rence pour votre DPO quelles que soient ses questions ou ses h\u00e9sitations quant \u00e0 son r\u00f4le.<\/p><\/div>\n\t\t\t\t<\/div>\n\t\t\t\t\t\t\t<div class=\"elementor-accordion-item\">\n\t\t\t\t\t<div id=\"elementor-tab-title-9272\" class=\"elementor-tab-title\" data-tab=\"2\" role=\"button\" aria-controls=\"elementor-tab-content-9272\" aria-expanded=\"false\">\n\t\t\t\t\t\t\t\t\t\t\t\t\t<span class=\"elementor-accordion-icon elementor-accordion-icon-left\" aria-hidden=\"true\">\n\t\t\t\t\t\t\t\t\t\t\t\t\t\t\t<i class=\"elementor-accordion-icon-closed fa fa-plus\"><\/i>\n\t\t\t\t\t\t\t\t<i class=\"elementor-accordion-icon-opened fa fa-minus\"><\/i>\n\t\t\t\t\t\t\t\t\t\t\t\t\t\t<\/span>\n\t\t\t\t\t\t\t\t\t\t\t\t<a class=\"elementor-accordion-title\" tabindex=\"0\">Soutien et Formation<\/a>\n\t\t\t\t\t<\/div>\n\t\t\t\t\t<div id=\"elementor-tab-content-9272\" class=\"elementor-tab-content elementor-clearfix\" data-tab=\"2\" role=\"region\" aria-labelledby=\"elementor-tab-title-9272\"><p style=\"text-align: justify;\">Nous apportons un soutien pratique \u00e0 votre DPO, notamment en v\u00e9rifiant et en r\u00e9digeant, en sa pr\u00e9sence, des documents n\u00e9cessaires et conformes au RGPD.<\/p>\n<p style=\"text-align: justify;\">Si vous nous permettez d\u2019accompagner de fa\u00e7on compl\u00e8te votre DPO, celui-ci prendra alors connaissance de toutes les bonnes pratiques n\u00e9cessaires \u00e0 son r\u00f4le. L\u2019objectif, \u00e0 terme, \u00e9tant que votre DPO s\u2019\u00e9mancipe de notre soutien.<\/p><\/div>\n\t\t\t\t<\/div>\n\t\t\t\t\t\t\t\t<\/div>\n\t\t\t\t<\/div>\n\t\t\t\t<\/div>\n\t\t\t\t\t<\/div>\n\t\t<\/div>\n\t\t\t\t<div class=\"elementor-column elementor-col-50 elementor-top-column elementor-element elementor-element-362a3b7d\" data-id=\"362a3b7d\" data-element_type=\"column\">\n\t\t\t<div class=\"elementor-widget-wrap elementor-element-populated\">\n\t\t\t\t\t\t\t\t<div class=\"elementor-element elementor-element-6f998662 elementor-widget elementor-widget-image\" data-id=\"6f998662\" data-element_type=\"widget\" data-widget_type=\"image.default\">\n\t\t\t\t<div class=\"elementor-widget-container\">\n\t\t\t\t\t\t\t\t\t\t\t\t\t\t\t<img decoding=\"async\" src=\"https:\/\/digi-lex.be\/wp-content\/uploads\/elementor\/thumbs\/pexels-photo-567633-nxfkn4pc8ckzi84g9s81lvbkvzger2bk3odmaozdms.jpeg\" title=\"pexels-photo-567633\" alt=\"pexels-photo-567633\" loading=\"lazy\" \/>\t\t\t\t\t\t\t\t\t\t\t\t\t\t\t<\/div>\n\t\t\t\t<\/div>\n\t\t\t\t<div class=\"elementor-element elementor-element-3c9fe6c1 elementor-widget elementor-widget-heading\" data-id=\"3c9fe6c1\" data-element_type=\"widget\" data-widget_type=\"heading.default\">\n\t\t\t\t<div class=\"elementor-widget-container\">\n\t\t\t<h3 class=\"elementor-heading-title elementor-size-default\">Service de DPO externe<\/h3>\t\t<\/div>\n\t\t\t\t<\/div>\n\t\t\t\t<div class=\"elementor-element elementor-element-43dfec4d elementor-widget elementor-widget-text-editor\" data-id=\"43dfec4d\" data-element_type=\"widget\" data-widget_type=\"text-editor.default\">\n\t\t\t\t<div class=\"elementor-widget-container\">\n\t\t\t\t\t\t\t<p>Certaines entreprises ou associations qui se voient soumises \u00e0 l\u2019obligation de nommer un DPO n\u2019ont parfois pas les moyens humains et\/ou financiers de nommer une personne d\u00e9di\u00e9e exclusivement \u00e0 cette fonction au sein de leur structure.<\/p><p>Partant de ce constat, Digilex se propose d\u2019accompagner votre entreprise en tant que DPO consultant. L\u2019un des membres de notre \u00e9quipe peut \u00eatre nomm\u00e9 comme d\u00e9l\u00e9gu\u00e9 \u00e0 la protection des donn\u00e9es au sein de votre entreprise, nous apportons ainsi notre expertise directement au c\u0153ur de votre activit\u00e9.<\/p><p>\u00a0<\/p>\t\t\t\t\t\t<\/div>\n\t\t\t\t<\/div>\n\t\t\t\t\t<\/div>\n\t\t<\/div>\n\t\t\t\t\t\t\t<\/div>\n\t\t<\/section>\n\t\t\t\t\t\t\t<\/div>\n\t\t","protected":false},"excerpt":{"rendered":"<p>Create a Strong Business Plan in 1\/2 The Time<\/p>\n","protected":false},"author":2,"featured_media":395,"parent":0,"menu_order":0,"comment_status":"closed","ping_status":"closed","template":"","meta":{"footnotes":""},"aioseo_notices":[],"_links":{"self":[{"href":"https:\/\/digi-lex.be\/index.php\/wp-json\/wp\/v2\/pages\/316"}],"collection":[{"href":"https:\/\/digi-lex.be\/index.php\/wp-json\/wp\/v2\/pages"}],"about":[{"href":"https:\/\/digi-lex.be\/index.php\/wp-json\/wp\/v2\/types\/page"}],"author":[{"embeddable":true,"href":"https:\/\/digi-lex.be\/index.php\/wp-json\/wp\/v2\/users\/2"}],"replies":[{"embeddable":true,"href":"https:\/\/digi-lex.be\/index.php\/wp-json\/wp\/v2\/comments?post=316"}],"version-history":[{"count":15,"href":"https:\/\/digi-lex.be\/index.php\/wp-json\/wp\/v2\/pages\/316\/revisions"}],"predecessor-version":[{"id":960,"href":"https:\/\/digi-lex.be\/index.php\/wp-json\/wp\/v2\/pages\/316\/revisions\/960"}],"wp:featuredmedia":[{"embeddable":true,"href":"https:\/\/digi-lex.be\/index.php\/wp-json\/wp\/v2\/media\/395"}],"wp:attachment":[{"href":"https:\/\/digi-lex.be\/index.php\/wp-json\/wp\/v2\/media?parent=316"}],"curies":[{"name":"wp","href":"https:\/\/api.w.org\/{rel}","templated":true}]}}