{"id":428,"date":"2018-03-30T03:13:43","date_gmt":"2018-03-30T03:13:43","guid":{"rendered":"https:\/\/customifysites.com\/consulting\/?page_id=6"},"modified":"2018-11-01T14:17:56","modified_gmt":"2018-11-01T13:17:56","slug":"a-propos","status":"publish","type":"page","link":"https:\/\/digi-lex.be\/index.php\/a-propos\/","title":{"rendered":"\u00c0 Propos"},"content":{"rendered":"\t\t<div data-elementor-type=\"wp-post\" data-elementor-id=\"428\" class=\"elementor elementor-428 elementor-bc-flex-widget\">\n\t\t\t\t\t\t\t\t\t<section class=\"elementor-section elementor-top-section elementor-element elementor-element-5d176f6 elementor-section-boxed elementor-section-height-default elementor-section-height-default\" data-id=\"5d176f6\" data-element_type=\"section\">\n\t\t\t\t\t\t<div class=\"elementor-container elementor-column-gap-default\">\n\t\t\t\t\t<div class=\"elementor-column elementor-col-50 elementor-top-column elementor-element elementor-element-d4ff5da\" data-id=\"d4ff5da\" data-element_type=\"column\">\n\t\t\t<div class=\"elementor-widget-wrap elementor-element-populated\">\n\t\t\t\t\t\t\t\t<div class=\"elementor-element elementor-element-4faed30 elementor-widget elementor-widget-image\" data-id=\"4faed30\" data-element_type=\"widget\" data-widget_type=\"image.default\">\n\t\t\t\t<div class=\"elementor-widget-container\">\n\t\t\t<style>\/*! elementor - v3.18.0 - 29-11-2023 *\/\n.elementor-widget-image{text-align:center}.elementor-widget-image a{display:inline-block}.elementor-widget-image a img[src$=\".svg\"]{width:48px}.elementor-widget-image img{vertical-align:middle;display:inline-block}<\/style>\t\t\t\t\t\t\t\t\t\t\t\t<img decoding=\"async\" src=\"https:\/\/digi-lex.be\/wp-content\/uploads\/elementor\/thumbs\/venveo-609390-unsplash-nxfkn6l0m0nudqpv4udj0eri9of8teim2ofi9q62t4.jpg\" title=\"venveo-609390-unsplash\" alt=\"venveo-609390-unsplash\" loading=\"lazy\" \/>\t\t\t\t\t\t\t\t\t\t\t\t\t\t\t<\/div>\n\t\t\t\t<\/div>\n\t\t\t\t<div class=\"elementor-element elementor-element-d432872 elementor-widget elementor-widget-heading\" data-id=\"d432872\" data-element_type=\"widget\" data-widget_type=\"heading.default\">\n\t\t\t\t<div class=\"elementor-widget-container\">\n\t\t\t<style>\/*! elementor - v3.18.0 - 29-11-2023 *\/\n.elementor-heading-title{padding:0;margin:0;line-height:1}.elementor-widget-heading .elementor-heading-title[class*=elementor-size-]>a{color:inherit;font-size:inherit;line-height:inherit}.elementor-widget-heading .elementor-heading-title.elementor-size-small{font-size:15px}.elementor-widget-heading .elementor-heading-title.elementor-size-medium{font-size:19px}.elementor-widget-heading .elementor-heading-title.elementor-size-large{font-size:29px}.elementor-widget-heading .elementor-heading-title.elementor-size-xl{font-size:39px}.elementor-widget-heading .elementor-heading-title.elementor-size-xxl{font-size:59px}<\/style><h4 class=\"elementor-heading-title elementor-size-default\"><span style=\"font-size: 21.2362px;\">Qui sommes-nous ?<\/span><\/h4>\t\t<\/div>\n\t\t\t\t<\/div>\n\t\t\t\t<div class=\"elementor-element elementor-element-ea4a0d5 elementor-widget elementor-widget-text-editor\" data-id=\"ea4a0d5\" data-element_type=\"widget\" data-widget_type=\"text-editor.default\">\n\t\t\t\t<div class=\"elementor-widget-container\">\n\t\t\t<style>\/*! elementor - v3.18.0 - 29-11-2023 *\/\n.elementor-widget-text-editor.elementor-drop-cap-view-stacked .elementor-drop-cap{background-color:#69727d;color:#fff}.elementor-widget-text-editor.elementor-drop-cap-view-framed .elementor-drop-cap{color:#69727d;border:3px solid;background-color:transparent}.elementor-widget-text-editor:not(.elementor-drop-cap-view-default) .elementor-drop-cap{margin-top:8px}.elementor-widget-text-editor:not(.elementor-drop-cap-view-default) .elementor-drop-cap-letter{width:1em;height:1em}.elementor-widget-text-editor .elementor-drop-cap{float:left;text-align:center;line-height:1;font-size:50px}.elementor-widget-text-editor .elementor-drop-cap-letter{display:inline-block}<\/style>\t\t\t\t<p>Juristes sp\u00e9cialis\u00e9s en droit des TIC (Technologies de l\u2019information et de la communication), nous sommes accessibles et proches de nos clients, et toujours \u00e0 l\u2019\u00e9coute pour r\u00e9pondre au mieux \u00e0 vos besoins.<\/p><p>La soci\u00e9t\u00e9 Digilex est constitu\u00e9e d\u2019un noyau de 5 juristes-fondateurs qui constituent les conseillers de premi\u00e8re ligne. D&rsquo;autres juristes-associ\u00e9s collaborent avec la soci\u00e9t\u00e9 en cas de soutien ou expertise suppl\u00e9mentaire n\u00e9cessaire.<\/p>\t\t\t\t\t\t<\/div>\n\t\t\t\t<\/div>\n\t\t\t\t\t<\/div>\n\t\t<\/div>\n\t\t\t\t<div class=\"elementor-column elementor-col-50 elementor-top-column elementor-element elementor-element-f67e96b\" data-id=\"f67e96b\" data-element_type=\"column\">\n\t\t\t<div class=\"elementor-widget-wrap elementor-element-populated\">\n\t\t\t\t\t\t\t\t<div class=\"elementor-element elementor-element-28860a8 elementor-widget elementor-widget-image\" data-id=\"28860a8\" data-element_type=\"widget\" data-widget_type=\"image.default\">\n\t\t\t\t<div class=\"elementor-widget-container\">\n\t\t\t\t\t\t\t\t\t\t\t\t\t\t\t<img decoding=\"async\" src=\"https:\/\/digi-lex.be\/wp-content\/uploads\/elementor\/thumbs\/rawpixel-com-559744-unsplash_compressed-nxfkn005a6eu4gzf79j50yfa3zbobishprv3wsfu0o.jpg\" title=\"rawpixel-com-559744-unsplash_compressed\" alt=\"rawpixel-com-559744-unsplash_compressed\" loading=\"lazy\" \/>\t\t\t\t\t\t\t\t\t\t\t\t\t\t\t<\/div>\n\t\t\t\t<\/div>\n\t\t\t\t<div class=\"elementor-element elementor-element-9e415d2 elementor-widget elementor-widget-heading\" data-id=\"9e415d2\" data-element_type=\"widget\" data-widget_type=\"heading.default\">\n\t\t\t\t<div class=\"elementor-widget-container\">\n\t\t\t<h4 class=\"elementor-heading-title elementor-size-default\"><span style=\"font-size: 21.2362px;\">\u00c0 qui s\u2019adressent nos services?<\/span><\/h4>\t\t<\/div>\n\t\t\t\t<\/div>\n\t\t\t\t<div class=\"elementor-element elementor-element-9955e81 elementor-widget elementor-widget-text-editor\" data-id=\"9955e81\" data-element_type=\"widget\" data-widget_type=\"text-editor.default\">\n\t\t\t\t<div class=\"elementor-widget-container\">\n\t\t\t\t\t\t\t<p>Nous proposons nos services principalement aux professionnels ind\u00e9pendants, aux PME, aux administrations et aux associations.<\/p><p>Nous travaillons dans toute la partie francophone du pays, plus pr\u00e9cis\u00e9ment \u00e0 Namur, Bruxelles et Li\u00e8ge.<\/p>\t\t\t\t\t\t<\/div>\n\t\t\t\t<\/div>\n\t\t\t\t\t<\/div>\n\t\t<\/div>\n\t\t\t\t\t\t\t<\/div>\n\t\t<\/section>\n\t\t\t\t\t\t\t<\/div>\n\t\t","protected":false},"excerpt":{"rendered":"<p>Qui sommes-nous ? Juristes sp\u00e9cialis\u00e9s en droit des TIC (Technologies de l\u2019information et de la communication), nous sommes accessibles et proches de nos clients, et&hellip;<\/p>\n","protected":false},"author":2,"featured_media":0,"parent":0,"menu_order":0,"comment_status":"closed","ping_status":"closed","template":"","meta":{"footnotes":""},"aioseo_notices":[],"_links":{"self":[{"href":"https:\/\/digi-lex.be\/index.php\/wp-json\/wp\/v2\/pages\/428"}],"collection":[{"href":"https:\/\/digi-lex.be\/index.php\/wp-json\/wp\/v2\/pages"}],"about":[{"href":"https:\/\/digi-lex.be\/index.php\/wp-json\/wp\/v2\/types\/page"}],"author":[{"embeddable":true,"href":"https:\/\/digi-lex.be\/index.php\/wp-json\/wp\/v2\/users\/2"}],"replies":[{"embeddable":true,"href":"https:\/\/digi-lex.be\/index.php\/wp-json\/wp\/v2\/comments?post=428"}],"version-history":[{"count":22,"href":"https:\/\/digi-lex.be\/index.php\/wp-json\/wp\/v2\/pages\/428\/revisions"}],"predecessor-version":[{"id":754,"href":"https:\/\/digi-lex.be\/index.php\/wp-json\/wp\/v2\/pages\/428\/revisions\/754"}],"wp:attachment":[{"href":"https:\/\/digi-lex.be\/index.php\/wp-json\/wp\/v2\/media?parent=428"}],"curies":[{"name":"wp","href":"https:\/\/api.w.org\/{rel}","templated":true}]}}