{"id":615,"date":"2018-10-15T17:04:03","date_gmt":"2018-10-15T15:04:03","guid":{"rendered":"https:\/\/digi-lex.be\/?page_id=615"},"modified":"2021-03-30T17:28:50","modified_gmt":"2021-03-30T15:28:50","slug":"politique-vie-privee","status":"publish","type":"page","link":"https:\/\/digi-lex.be\/index.php\/politique-vie-privee\/","title":{"rendered":"Politique Vie Priv\u00e9e"},"content":{"rendered":"\t\t<div data-elementor-type=\"wp-post\" data-elementor-id=\"615\" class=\"elementor elementor-615\">\n\t\t\t\t\t\t\t\t\t<section class=\"elementor-section elementor-top-section elementor-element elementor-element-88fe8d8 elementor-section-boxed elementor-section-height-default elementor-section-height-default\" data-id=\"88fe8d8\" data-element_type=\"section\">\n\t\t\t\t\t\t<div class=\"elementor-container elementor-column-gap-default\">\n\t\t\t\t\t<div class=\"elementor-column elementor-col-100 elementor-top-column elementor-element elementor-element-5f3a210\" data-id=\"5f3a210\" data-element_type=\"column\">\n\t\t\t<div class=\"elementor-widget-wrap elementor-element-populated\">\n\t\t\t\t\t\t\t\t<div class=\"elementor-element elementor-element-eb30e03 elementor-widget elementor-widget-text-editor\" data-id=\"eb30e03\" data-element_type=\"widget\" data-widget_type=\"text-editor.default\">\n\t\t\t\t<div class=\"elementor-widget-container\">\n\t\t\t<style>\/*! elementor - v3.18.0 - 29-11-2023 *\/\n.elementor-widget-text-editor.elementor-drop-cap-view-stacked .elementor-drop-cap{background-color:#69727d;color:#fff}.elementor-widget-text-editor.elementor-drop-cap-view-framed .elementor-drop-cap{color:#69727d;border:3px solid;background-color:transparent}.elementor-widget-text-editor:not(.elementor-drop-cap-view-default) .elementor-drop-cap{margin-top:8px}.elementor-widget-text-editor:not(.elementor-drop-cap-view-default) .elementor-drop-cap-letter{width:1em;height:1em}.elementor-widget-text-editor .elementor-drop-cap{float:left;text-align:center;line-height:1;font-size:50px}.elementor-widget-text-editor .elementor-drop-cap-letter{display:inline-block}<\/style>\t\t\t\t<p>Le site internet&nbsp;<u><a href=\"https:\/\/digi-lex.be\">https:\/\/digi-lex.be<\/a><\/u>&nbsp;(ci-apr\u00e8s, le \u00ab&nbsp;Site&nbsp;\u00bb) est une initiative de&nbsp;:<\/p>\n<p><strong>AERTS-BANCKEN DAEMS DE NEEF JACQUES ROBIN SNC <\/strong>(ci-apr\u00e8s, \u00ab&nbsp;Digilex&nbsp;\u00bb)<\/p>\n<p>Rue Nanon 85<\/p>\n<p>5000 Namur (Belgique)<\/p>\n<p>Email&nbsp;:&nbsp;<u><a href=\"mailto:info@digi-lex.be\">info@digi-lex.be<\/a><\/u><\/p>\n<p>T\u00e9l\u00e9phone&nbsp;: +32 (0)477 81 19 55<\/p>\n<p>Digilex s\u2019engage \u00e0 maintenir un niveau maximal de protection des donn\u00e9es, de confidentialit\u00e9 et de s\u00e9curit\u00e9 de l\u2019information. Le maintien de la vie priv\u00e9e, y compris le respect des principes de protection des donn\u00e9es (minimisation, transparence, lic\u00e9it\u00e9, l\u00e9gitimit\u00e9) et la protection du secret de votre entreprise sont des valeurs auxquelles Digilex accorde la plus haute importance.<\/p>\n<p>Afin de r\u00e9aliser ses services, Digilex g\u00e8re tant des donn\u00e9es \u00e0 caract\u00e8re personnel que des donn\u00e9es concernant votre entreprise et cela conform\u00e9ment aux dispositions l\u00e9gales applicables en la mati\u00e8re, \u00e0 savoir la Loi du 8 d\u00e9cembre 1992 relative \u00e0 la protection de la vie priv\u00e9e \u00e0 l\u2019\u00e9gard des traitements de donn\u00e9es \u00e0 caract\u00e8re personnel (\u00ab Loi vie priv\u00e9e \u00bb) et le R\u00e8glement europ\u00e9en du 27 avril 2016 relatif \u00e0 la protection des personnes physiques \u00e0 l\u2019\u00e9gard du traitement des donn\u00e9es \u00e0 caract\u00e8re personnel et \u00e0 la libre circulation de ces donn\u00e9es (\u00ab R\u00e8glement \u00bb).<\/p>\n<p>En utilisant notre Site, vous d\u00e9clarez avoir pris connaissance de notre politique de vie priv\u00e9e et acceptez express\u00e9ment la collecte et le traitement de vos donn\u00e9es personnelles de la mani\u00e8re d\u00e9crite dans ce document.<\/p>\n<p>Nous nous r\u00e9servons le droit d\u2019apporter \u00e0 tout moment des modifications \u00e0 notre politique de vie priv\u00e9e. Toute modification substantielle vous sera toujours communiqu\u00e9e clairement Nous vous conseillons n\u00e9anmoins de consulter r\u00e9guli\u00e8rement ce document.<\/p>\n<p><strong>1. Qui traite vos donn\u00e9es personnelles&nbsp;?<\/strong><\/p>\n<p style=\"padding-left: 30px;\"><strong>1.1. Le responsable du traitement<\/strong><\/p>\n<p>Digilex est responsable du traitement de vos donn\u00e9es personnelles en d\u00e9terminant les donn\u00e9es qui sont collect\u00e9es, les finalit\u00e9s du traitement et les moyens techniques et organisationnels qui entourent le traitement de vos donn\u00e9es.<\/p>\n<p style=\"padding-left: 30px;\"><strong>1.2. Le(s) sous-traitant(s)<\/strong><\/p>\n<p>Digilex est libre de recourir \u00e0 des sous-traitants. Le sous-traitant est la personne physique ou morale qui traite vos donn\u00e9es personnelles \u00e0 la demande et pour le compte du responsable du traitement. Le sous-traitant est tenu d\u2019assurer la s\u00e9curit\u00e9 et la confidentialit\u00e9 de vos donn\u00e9es et agit toujours sur instruction de Digilex.<\/p>\n<p><strong>2. Sur quels fondements mes donn\u00e9es sont-elles trait\u00e9es&nbsp;?<\/strong><\/p>\n<p>Conform\u00e9ment au R\u00e8glement, nous traitons vos donn\u00e9es sur base des fondements juridiques suivants&nbsp;:<\/p>\n<ul>\n<li>Sur base de l\u2019ex\u00e9cution de mesures pr\u00e9contractuelles et de l\u2019ex\u00e9cution du contrat auquel vous \u00eates partie pour tout ce qui concerne l\u2019utilisation et la fourniture de nos services.<\/li>\n<li>Sur base de l\u2019ex\u00e9cution du contrat auquel vous \u00eates partie et en vertu de nos obligations l\u00e9gales pour tout ce qui concerne la gestion de la relation contractuelle et la facturation.<\/li>\n<\/ul>\n<p><strong>3. Quelles donn\u00e9es personnelles sont collect\u00e9es ?<\/strong><\/p>\n<p>Le traitement de vos donn\u00e9es personnelles est limit\u00e9 au strict n\u00e9cessaire pour atteindre les finalit\u00e9s poursuivies par Digilex. Ci-dessous, sont \u00e9num\u00e9r\u00e9es les cat\u00e9gories de donn\u00e9es concern\u00e9es par le traitement.<\/p>\n<ul>\n<li>Nom, pr\u00e9nom, adresse<\/li>\n<li>Adresse email<\/li>\n<li>Num\u00e9ro de t\u00e9l\u00e9phone<\/li>\n<li>Informations relatives \u00e0 votre connexion (adresse IP, localisation, etc.)<\/li>\n<\/ul>\n<p>Ces donn\u00e9es sont collect\u00e9es lors de votre visite sur le Site, lorsque vous remplissez notre formulaire de contact ou lorsque vous prenez contact avec nous par mail. D\u2019autres donn\u00e9es personnelles pourraient \u00eatre collect\u00e9es ult\u00e9rieurement, par exemple dans le cadre de l\u2019ex\u00e9cution de la commande. Ces donn\u00e9es sont n\u00e9cessaires \u00e0 la fourniture de nos services.<\/p>\n<p>Digilex vous invite \u00e0 ne pas communiquer d\u2019informations priv\u00e9es non pertinentes dans l\u2019espace libre&nbsp;du formulaire de contact : ce type d\u2019informations sera automatiquement effac\u00e9 par le juriste de Digilex qui le r\u00e9ceptionnera, sans que cela ne pr\u00e9judicie la prise de contact.<\/p>\n<p>En outre, nous utilisons des cookies en vue de reconna\u00eetre l\u2019utilisateur et de lui offrir une exp\u00e9rience d\u2019utilisation personnalis\u00e9e, de m\u00e9moriser ses choix techniques (par exemple une langue) et de d\u00e9tecter et corriger les \u00e9ventuelles erreurs pr\u00e9sentes sur le Site. Pour plus d\u2019informations sur l\u2019utilisation que nous faisons des cookies, nous vous invitons \u00e0 consulter notre Politique des cookies.<\/p>\n<p>En aucun cas, nous ne collectons ni ne traitons de donn\u00e9es sensibles.<\/p>\n<p><strong>4. Quelles sont les finalit\u00e9s poursuivies ?<\/strong><\/p>\n<p>Digilex recueille vos donn\u00e9es personnelles dans le seul objectif de vous fournir une exp\u00e9rience d\u2019utilisation optimale et personnalis\u00e9e. Le traitement de vos donn\u00e9es personnelles est essentiel au bon fonctionnement du Site et \u00e0 la fourniture de nos services.<\/p>\n<p>Digilex s\u2019engage \u00e0 traiter vos donn\u00e9es personnelles exclusivement aux fins suivantes&nbsp;:<\/p>\n<ul>\n<li>Permettre \u00e0 l\u2019utilisateur de prendre contact avec nous et\/ou de passer commande sur le Site&nbsp;;<\/li>\n<li>Permettre l\u2019ex\u00e9cution et la fourniture de nos services&nbsp;;<\/li>\n<li>G\u00e9rer la relation contractuelle&nbsp;;<\/li>\n<li>Permettre la facturation et la gestion de nos comptes&nbsp;;<\/li>\n<li>Offrir \u00e0 l\u2019utilisateur la fourniture de soutien et le suivi des plaintes&nbsp;;<\/li>\n<li>D\u00e9tecter et prot\u00e9ger l\u2019utilisateur contre les fraudes, les erreurs et les comportements criminels&nbsp;;<\/li>\n<\/ul>\n<p>En visitant notre Site, et si vous y consentez, certaines donn\u00e9es sont collect\u00e9es \u00e0 des fins statistiques. Ces donn\u00e9es nous permettent d\u2019optimiser votre exp\u00e9rience d\u2019utilisation. Il s\u2019agit de votre adresse IP, de la zone g\u00e9ographique de consultation, du jour et de l\u2019heure de consultation, et des pages consult\u00e9es.<\/p>\n<p>Les juristes de Digilex respecteront une stricte confidentialit\u00e9 \u00e0 propos des dossiers qu\u2019ils traitent.<\/p>\n<p>En aucun cas Digilex n\u2019utilisera les donn\u00e9es recueillies \u00e0 d\u2019autres fins que la r\u00e9alisation de ses services, y compris les obligations l\u00e9gales qui lui sont soumises. Cela dit, si une telle exploitation venait \u00e0 se pr\u00e9senter, vous devriez y consentir conform\u00e9ment \u00e0 la r\u00e9glementation en vigueur.<\/p>\n<p><strong>5. Qui re\u00e7oit vos donn\u00e9es personnelles&nbsp;?<\/strong><\/p>\n<p>Vos donn\u00e9es personnelles sont destin\u00e9es \u00e0 \u00eatre utilis\u00e9es exclusivement \u00e0 des fins internes. Elles ne seront pas vendues, donn\u00e9es ou transmises \u00e0 des tiers, sauf consentement pr\u00e9alable de votre part.<\/p>\n<p>Digilex ne recourt \u00e0 aucun sous-traitants du traitement de donn\u00e9es. Les destinataires des donn\u00e9es sont les suivants :<\/p>\n<ul>\n<li>Les juristes de Digilex.<\/li>\n<li>Si vous y consentez, Google Analytics comme responsable conjoint du traitement statistique de votre fr\u00e9quentation du site.<\/li>\n<li>Les autorit\u00e9s comp\u00e9tentes qui en font la demande l\u00e9gitime. Dans ce cas, Digilex vous notifiera cette communication \u00e0 moins qu\u2019elle n\u2019y soit pas autoris\u00e9e.<\/li>\n<li>OVH SA, comme sous-traitant de l\u2019h\u00e9bergement du site et de l\u2019adressage mail.<\/li>\n<\/ul>\n<p>Digilex prend toutes les mesures techniques et organisationnelles possibles pour \u00e9viter une violation de vos donn\u00e9es. Si cela devait malgr\u00e9 tout arriver, Digilex s\u2019engage \u00e0 prendre toutes les mesures n\u00e9cessaires pour limiter les dommages \u00e0 leur minimum.<\/p>\n<p>Digilex pr\u00e9viendra \u00e9galement toute perte ou fuite de donn\u00e9es au moyen notamment de back-up, de restriction des acc\u00e8s et de protection contre les attaques.<\/p>\n<p>Aucun transfert hors Union Europ\u00e9enne n\u2019est op\u00e9r\u00e9 par Digilex. Un tel transfert r\u00e9sulterait uniquement d\u2019une demande de votre part.<\/p>\n<p>Toutes nos conventions sont accompagn\u00e9es d\u2019une annexe relative \u00e0 la protection des donn\u00e9es et \u00e0 la confidentialit\u00e9 des juristes de Digilex, tous d\u00e9tails relatifs \u00e0 notre gestion et s\u00e9curisation des donn\u00e9es seront pr\u00e9cis\u00e9s dans ces documents.<\/p>\n<p><strong>6. Combien de temps vos donn\u00e9es sont-elles conserv\u00e9es&nbsp;?<\/strong><\/p>\n<p>Les donn\u00e9es trait\u00e9es par Digilex ne seront pr\u00e9serv\u00e9es que le temps utile \u00e0 la relation, hormis nos obligations l\u00e9gales de conservations. Nous pouvons \u00e9galement conservez certaines pi\u00e8ces le temps de la prescription l\u00e9gale. Dans la mesure du possible, ces pi\u00e8ces ne comporteront pas de donn\u00e9es \u00e0 caract\u00e8re personnel.<\/p>\n<p>A la fin de la relation avec Digilex ou \u00e0 la fin des d\u00e9lais de r\u00e9tention, vous pourrez soit exiger la destruction des donn\u00e9es ou le retour de ces derni\u00e8res.<\/p>\n<p><strong>7. Quels sont vos droits&nbsp;?<\/strong><\/p>\n<p style=\"padding-left: 30px;\"><strong>7.1. Garantie d\u2019un traitement loyal et licite<\/strong><\/p>\n<p>Vos donn\u00e9es personnelles sont toujours trait\u00e9es conform\u00e9ment aux fins l\u00e9gitimes explicit\u00e9es au point 4. Elles sont collect\u00e9es et trait\u00e9es de mani\u00e8re ad\u00e9quate, pertinente et non-excessive, et ne sont pas conserv\u00e9es plus longtemps que n\u00e9cessaire pour atteindre les finalit\u00e9s poursuivies.<\/p>\n<p style=\"padding-left: 30px;\"><strong>7.2. Droit d\u2019acc\u00e8s&nbsp;<\/strong><\/p>\n<p>Si vous \u00eates en mesure de prouver votre identit\u00e9, vous avez le droit d\u2019obtenir des informations sur le traitement de vos donn\u00e9es. Ainsi vous avez le droit de conna\u00eetre les finalit\u00e9s du traitement, les cat\u00e9gories de donn\u00e9es concern\u00e9es, les cat\u00e9gories de destinataires auxquels les donn\u00e9es sont transmises, les crit\u00e8res utilis\u00e9s pour d\u00e9terminer la dur\u00e9e de conservation des donn\u00e9es, et les droits que vous pouvez exercer sur vos donn\u00e9es.<\/p>\n<p style=\"padding-left: 30px;\"><strong>7.3. Droit de rectification<\/strong><\/p>\n<p>Les donn\u00e9es personnelles inexactes ou incompl\u00e8tes peuvent \u00eatre corrig\u00e9es \u00e0 tout moment, sur simple demande \u00e9crite.<\/p>\n<p style=\"padding-left: 30px;\"><strong>7.4. Droit \u00e0 l\u2019effacement (ou \u00ab&nbsp;droit \u00e0 l\u2019oubli&nbsp;\u00bb)<\/strong><\/p>\n<p>Vous avez en outre le droit d\u2019obtenir l\u2019effacement de vos donn\u00e9es personnelles dans les hypoth\u00e8ses suivantes&nbsp;:<\/p>\n<ul>\n<li>Vos donn\u00e9es personnelles ne sont plus n\u00e9cessaires au regard des finalit\u00e9s&nbsp;;<\/li>\n<li>Vous retirez votre consentement au traitement et il n\u2019existe pas d\u2019autre fondement l\u00e9gal au traitement&nbsp;;<\/li>\n<li>Vous avez valablement exerc\u00e9 votre droit d\u2019opposition&nbsp;;<\/li>\n<li>Vos donn\u00e9es ont fait l\u2019objet d\u2019un traitement ill\u00e9gal&nbsp;;<\/li>\n<li>Vos donn\u00e9es doivent \u00eatre supprim\u00e9es pour respecter une obligation l\u00e9gale.<\/li>\n<\/ul>\n<p>La suppression des donn\u00e9es \u00e9tant principalement li\u00e9e \u00e0 la visibilit\u00e9, il est possible que les donn\u00e9es supprim\u00e9es restent malgr\u00e9 tout temporairement conserv\u00e9es.<\/p>\n<p style=\"padding-left: 30px;\"><strong>7.5. Droit \u00e0 la limitation du traitement<\/strong><\/p>\n<p>Dans certaines hypoth\u00e8ses, vous avez le droit de demander la limitation du traitement de vos donn\u00e9es personnelles, notamment en cas de contestation quant \u00e0 l\u2019exactitude des donn\u00e9es, si les donn\u00e9es sont n\u00e9cessaires dans le cadre d\u2019une proc\u00e9dure judiciaire ou le temps n\u00e9cessaire \u00e0 Digilex pour v\u00e9rifier que vous pouvez valablement exercer votre droit \u00e0 l\u2019effacement.<\/p>\n<p style=\"padding-left: 30px;\"><strong>7.6. Droit d\u2019opposition<\/strong><\/p>\n<p>Vous avez en outre le droit de vous opposer \u00e0 tout moment au traitement de vos donn\u00e9es personnelles \u00e0 des fins de marketing direct. Digilex cessera le traitement de vos donn\u00e9es personnelles, \u00e0 moins qu\u2019elle ne parvienne \u00e0 d\u00e9montrer qu\u2019il existe des motifs l\u00e9gitimes imp\u00e9rieux en faveur du traitement qui pr\u00e9valent sur votre droit d\u2019opposition.<\/p>\n<p style=\"padding-left: 30px;\"><strong>7.7. Droit \u00e0 la portabilit\u00e9 des donn\u00e9es<\/strong><\/p>\n<p>Vous avez le droit d\u2019obtenir toutes les donn\u00e9es personnelles que vous nous avez fournies dans un format structur\u00e9, couramment utilis\u00e9 et lisible par machine. A votre demande, ces donn\u00e9es peuvent \u00eatre transf\u00e9r\u00e9es \u00e0 un autre prestataire, \u00e0 moins que cela ne soit techniquement impossible.<\/p>\n<p style=\"padding-left: 30px;\"><strong>7.8. Droit du retrait de votre consentement<\/strong><\/p>\n<p>Vous pouvez retirer \u00e0 tout moment votre consentement au traitement de vos donn\u00e9es personnelles, par exemple \u00e0 des fins de marketing direct.<\/p>\n<p><strong>8. Comment exercer mes droits&nbsp;?<\/strong><\/p>\n<p>Pour exercer vos droits, vous devez nous envoyer une demande \u00e9crite et une preuve d\u2019identit\u00e9, par courrier recommand\u00e9 \u00e0 DIGILEX, Rue Nanon 85, 5002 NAMUR ou par mail \u00e0&nbsp;<u><a href=\"mailto:info@digi-lex.be\">info@digi-lex.be<\/a><\/u>. Nous y r\u00e9pondrons dans les meilleurs d\u00e9lais, et au plus tard deux semaines apr\u00e8s r\u00e9ception de la demande.<\/p>\n<p><strong>9. R\u00e9clamations<\/strong><\/p>\n<p>En cas d\u2019\u00e9ventuelle r\u00e9clamation, il vous est possible de contacter l\u2019autorit\u00e9 de la protection des donn\u00e9es de votre pays, en Belgique dont les donn\u00e9es de contact de cette autorit\u00e9 se trouvent \u00e0 l\u2019adresse suivante&nbsp;: <a href=\"https:\/\/www.privacycommission.be\/\">www.autoriteprotectiondonnees.be<\/a><\/p>\n<p>Nous vous invitons cependant \u00e0 nous contacter pr\u00e9alablement afin que nous puissions faire tout notre possible pour r\u00e9pondre \u00e0 votre demande.<\/p>\t\t\t\t\t\t<\/div>\n\t\t\t\t<\/div>\n\t\t\t\t\t<\/div>\n\t\t<\/div>\n\t\t\t\t\t\t\t<\/div>\n\t\t<\/section>\n\t\t\t\t\t\t\t<\/div>\n\t\t","protected":false},"excerpt":{"rendered":"<p>Le site internet&nbsp;https:\/\/digi-lex.be&nbsp;(ci-apr\u00e8s, le \u00ab&nbsp;Site&nbsp;\u00bb) est une initiative de&nbsp;: AERTS-BANCKEN DAEMS DE NEEF JACQUES ROBIN SNC (ci-apr\u00e8s, \u00ab&nbsp;Digilex&nbsp;\u00bb) Rue Nanon 85 5000 Namur (Belgique) Email&nbsp;:&nbsp;info@digi-lex.be&hellip;<\/p>\n","protected":false},"author":1,"featured_media":0,"parent":0,"menu_order":0,"comment_status":"closed","ping_status":"closed","template":"","meta":{"footnotes":""},"aioseo_notices":[],"_links":{"self":[{"href":"https:\/\/digi-lex.be\/index.php\/wp-json\/wp\/v2\/pages\/615"}],"collection":[{"href":"https:\/\/digi-lex.be\/index.php\/wp-json\/wp\/v2\/pages"}],"about":[{"href":"https:\/\/digi-lex.be\/index.php\/wp-json\/wp\/v2\/types\/page"}],"author":[{"embeddable":true,"href":"https:\/\/digi-lex.be\/index.php\/wp-json\/wp\/v2\/users\/1"}],"replies":[{"embeddable":true,"href":"https:\/\/digi-lex.be\/index.php\/wp-json\/wp\/v2\/comments?post=615"}],"version-history":[{"count":17,"href":"https:\/\/digi-lex.be\/index.php\/wp-json\/wp\/v2\/pages\/615\/revisions"}],"predecessor-version":[{"id":988,"href":"https:\/\/digi-lex.be\/index.php\/wp-json\/wp\/v2\/pages\/615\/revisions\/988"}],"wp:attachment":[{"href":"https:\/\/digi-lex.be\/index.php\/wp-json\/wp\/v2\/media?parent=615"}],"curies":[{"name":"wp","href":"https:\/\/api.w.org\/{rel}","templated":true}]}}