{"id":627,"date":"2018-10-16T17:45:48","date_gmt":"2018-10-16T15:45:48","guid":{"rendered":"https:\/\/digi-lex.be\/?page_id=627"},"modified":"2018-11-15T15:28:21","modified_gmt":"2018-11-15T14:28:21","slug":"notre-mission","status":"publish","type":"page","link":"https:\/\/digi-lex.be\/index.php\/notre-mission\/","title":{"rendered":"Notre Mission"},"content":{"rendered":"\t\t<div data-elementor-type=\"wp-post\" data-elementor-id=\"627\" class=\"elementor elementor-627 elementor-bc-flex-widget\">\n\t\t\t\t\t\t\t\t\t<section class=\"elementor-section elementor-top-section elementor-element elementor-element-693075f elementor-section-boxed elementor-section-height-default elementor-section-height-default\" data-id=\"693075f\" data-element_type=\"section\">\n\t\t\t\t\t\t<div class=\"elementor-container elementor-column-gap-default\">\n\t\t\t\t\t<div class=\"elementor-column elementor-col-100 elementor-top-column elementor-element elementor-element-f5810c8\" data-id=\"f5810c8\" data-element_type=\"column\">\n\t\t\t<div class=\"elementor-widget-wrap elementor-element-populated\">\n\t\t\t\t\t\t\t\t<div class=\"elementor-element elementor-element-95da7f3 elementor-widget elementor-widget-text-editor\" data-id=\"95da7f3\" data-element_type=\"widget\" data-widget_type=\"text-editor.default\">\n\t\t\t\t<div class=\"elementor-widget-container\">\n\t\t\t<style>\/*! elementor - v3.18.0 - 29-11-2023 *\/\n.elementor-widget-text-editor.elementor-drop-cap-view-stacked .elementor-drop-cap{background-color:#69727d;color:#fff}.elementor-widget-text-editor.elementor-drop-cap-view-framed .elementor-drop-cap{color:#69727d;border:3px solid;background-color:transparent}.elementor-widget-text-editor:not(.elementor-drop-cap-view-default) .elementor-drop-cap{margin-top:8px}.elementor-widget-text-editor:not(.elementor-drop-cap-view-default) .elementor-drop-cap-letter{width:1em;height:1em}.elementor-widget-text-editor .elementor-drop-cap{float:left;text-align:center;line-height:1;font-size:50px}.elementor-widget-text-editor .elementor-drop-cap-letter{display:inline-block}<\/style>\t\t\t\t<p>Conscients de l\u2019importance des donn\u00e9es dans la vie quotidienne, surtout dans le domaine du num\u00e9rique, qu\u2019elles soient un \u00e9l\u00e9ment de la vie priv\u00e9e des utilisateurs ou un \u00e9l\u00e9ment valorisable \u00e9conomiquement pour l\u2019entreprise\u00a0; et forts de notre formation, nous avons confort\u00e9 notre conviction de la n\u00e9cessit\u00e9 de ma\u00eetriser les r\u00e8gles juridiques relatives aux TIC (technologies de l\u2019Information et de la Communication).<\/p><p>Notre ma\u00eetrise des lois particuli\u00e8res en la mati\u00e8re nous permet d\u2019aider votre entreprise \u00e0 \u00e9voluer \u00e0 moindre risque dans le milieu des nouvelles technologies et dans celui du traitement de donn\u00e9es.<\/p><p>Notre mission consiste \u00e0 vous permettre d\u2019exercer vos activit\u00e9s, qui feraient intervenir un traitement (collecte et utilisation) de donn\u00e9es personnelles de divers acteurs, en toute s\u00e9curit\u00e9. En effet, \u00e0 l\u2019heure actuelle, toute entreprise est amen\u00e9e \u00ab\u00a0\u00e0 jouer\u00a0\u00bb avec des donn\u00e9es de toutes sortes\u00a0: une base de donn\u00e9es de clients actuels ou potentiels\u00a0; des informations relatives aux employ\u00e9s\u00a0; des enregistrements t\u00e9l\u00e9phoniques ou de vid\u00e9osurveillance, \u2026 Notre expertise juridique vous permettra d\u2019effectuer ces traitements en toute l\u00e9galit\u00e9 et par cons\u00e9quent, \u00e0 ne pas entraver le bon d\u00e9roulement des activit\u00e9s \u00e9conomiques et administratives de votre entreprise.<\/p><p>Si vous d\u00e9cidez de faire appel \u00e0 nous pour accompagner votre entreprise dans le domaine des nouvelles technologies, nous aurons toujours \u00e0 c\u0153ur d\u2019appliquer les principes ci-dessous\u00a0:<\/p><ul><li>La proximit\u00e9. Dans notre esprit, celle-ci se traduit de la fa\u00e7on suivante\u00a0: d\u00e9placement dans les locaux de votre entreprise sur base du contrat ou en cas de besoin, communications r\u00e9guli\u00e8res sur l\u2019avancement de votre dossier, un suivi sur le long terme pour que votre entreprise ait une coh\u00e9rence dans son approche des l\u00e9gislations en vigueur.<\/li><li>La qualit\u00e9 du conseil. Notre formation et notre exp\u00e9rience font que nous sommes conscients de la \u00ab\u00a0r\u00e9alit\u00e9 du terrain\u00a0\u00bb, nos solutions sont donc orient\u00e9es sp\u00e9cifiquement en tenant compte des particularit\u00e9s de votre entreprise.<\/li><li>Les valeurs d\u2019un DPO. Ces valeurs incluent la confidentialit\u00e9 dans notre relation avec vous, l\u2019impartialit\u00e9 et l\u2019ind\u00e9pendance qui sont requises lorsque des d\u00e9cisions complexes sont \u00e0 prendre.<\/li><\/ul>\t\t\t\t\t\t<\/div>\n\t\t\t\t<\/div>\n\t\t\t\t\t<\/div>\n\t\t<\/div>\n\t\t\t\t\t\t\t<\/div>\n\t\t<\/section>\n\t\t\t\t\t\t\t<\/div>\n\t\t","protected":false},"excerpt":{"rendered":"<p>Conscients de l\u2019importance des donn\u00e9es dans la vie quotidienne, surtout dans le domaine du num\u00e9rique, qu\u2019elles soient un \u00e9l\u00e9ment de la vie priv\u00e9e des utilisateurs&hellip;<\/p>\n","protected":false},"author":1,"featured_media":0,"parent":0,"menu_order":0,"comment_status":"closed","ping_status":"closed","template":"","meta":{"footnotes":""},"aioseo_notices":[],"_links":{"self":[{"href":"https:\/\/digi-lex.be\/index.php\/wp-json\/wp\/v2\/pages\/627"}],"collection":[{"href":"https:\/\/digi-lex.be\/index.php\/wp-json\/wp\/v2\/pages"}],"about":[{"href":"https:\/\/digi-lex.be\/index.php\/wp-json\/wp\/v2\/types\/page"}],"author":[{"embeddable":true,"href":"https:\/\/digi-lex.be\/index.php\/wp-json\/wp\/v2\/users\/1"}],"replies":[{"embeddable":true,"href":"https:\/\/digi-lex.be\/index.php\/wp-json\/wp\/v2\/comments?post=627"}],"version-history":[{"count":4,"href":"https:\/\/digi-lex.be\/index.php\/wp-json\/wp\/v2\/pages\/627\/revisions"}],"predecessor-version":[{"id":804,"href":"https:\/\/digi-lex.be\/index.php\/wp-json\/wp\/v2\/pages\/627\/revisions\/804"}],"wp:attachment":[{"href":"https:\/\/digi-lex.be\/index.php\/wp-json\/wp\/v2\/media?parent=627"}],"curies":[{"name":"wp","href":"https:\/\/api.w.org\/{rel}","templated":true}]}}