{"id":834,"date":"2019-02-18T01:49:24","date_gmt":"2019-02-18T00:49:24","guid":{"rendered":"https:\/\/digi-lex.be\/?page_id=834"},"modified":"2019-02-20T17:51:43","modified_gmt":"2019-02-20T16:51:43","slug":"quest-ce-que-le-rgpd","status":"publish","type":"page","link":"https:\/\/digi-lex.be\/index.php\/quest-ce-que-le-rgpd\/","title":{"rendered":"Qu&rsquo;est-ce que le RGPD?"},"content":{"rendered":"\t\t<div data-elementor-type=\"wp-post\" data-elementor-id=\"834\" class=\"elementor elementor-834 elementor-bc-flex-widget\">\n\t\t\t\t\t\t\t\t\t<section class=\"elementor-section elementor-top-section elementor-element elementor-element-6ec1283 elementor-section-boxed elementor-section-height-default elementor-section-height-default\" data-id=\"6ec1283\" data-element_type=\"section\">\n\t\t\t\t\t\t<div class=\"elementor-container elementor-column-gap-default\">\n\t\t\t\t\t<div class=\"elementor-column elementor-col-100 elementor-top-column elementor-element elementor-element-cdb3b30\" data-id=\"cdb3b30\" data-element_type=\"column\">\n\t\t\t<div class=\"elementor-widget-wrap elementor-element-populated\">\n\t\t\t\t\t\t\t\t<div class=\"elementor-element elementor-element-f42da6a elementor-widget elementor-widget-text-editor\" data-id=\"f42da6a\" data-element_type=\"widget\" data-widget_type=\"text-editor.default\">\n\t\t\t\t<div class=\"elementor-widget-container\">\n\t\t\t<style>\/*! elementor - v3.18.0 - 29-11-2023 *\/\n.elementor-widget-text-editor.elementor-drop-cap-view-stacked .elementor-drop-cap{background-color:#69727d;color:#fff}.elementor-widget-text-editor.elementor-drop-cap-view-framed .elementor-drop-cap{color:#69727d;border:3px solid;background-color:transparent}.elementor-widget-text-editor:not(.elementor-drop-cap-view-default) .elementor-drop-cap{margin-top:8px}.elementor-widget-text-editor:not(.elementor-drop-cap-view-default) .elementor-drop-cap-letter{width:1em;height:1em}.elementor-widget-text-editor .elementor-drop-cap{float:left;text-align:center;line-height:1;font-size:50px}.elementor-widget-text-editor .elementor-drop-cap-letter{display:inline-block}<\/style>\t\t\t\t<p><strong><span lang=\"FR-BE\">Qu\u2019est-ce que le RGPD?<\/span><\/strong><\/p><p><span lang=\"FR-BE\">Le R\u00e8glement G\u00e9n\u00e9ral sur la Protection des Donn\u00e9es est un r\u00e8glement europ\u00e9en instaurant un cadre l\u00e9gal pour le traitement des donn\u00e9es personnelles des citoyens europ\u00e9ens.<\/span><\/p><p><strong><span lang=\"FR-BE\">Qu\u2019est-ce qu\u2019une donn\u00e9e personnelle?<\/span><\/strong><\/p><p><span lang=\"FR-BE\">Toute information permettant d\u2019identifier une personne : le nom, le pr\u00e9nom, la date de naissance l\u2019adresse postale, les e-mails <a>ou encore les cookies<\/a><\/span><span lang=\"FR-BE\" style=\"font-size: 8.0pt; font-family: 'Calibri',sans-serif; mso-ascii-theme-font: minor-latin; mso-fareast-font-family: Calibri; mso-fareast-theme-font: minor-latin; mso-hansi-theme-font: minor-latin; mso-bidi-font-family: 'Times New Roman'; mso-bidi-theme-font: minor-bidi; mso-fareast-language: EN-US;\">\u00a0<\/span><span lang=\"FR-BE\">et bien d\u2019autres peuvent \u00eatre consid\u00e9r\u00e9es comme des donn\u00e9es personnelles.<span style=\"font-family: Calibri, sans-serif;\"><span style=\"font-size: 10.6667px;\">\u00a0<\/span><\/span><\/span><span lang=\"FR-BE\">En outre, certaines informations comme les donn\u00e9es m\u00e9dicales, ethniques, d\u2019opinion politique ou religieuse sont consid\u00e9r\u00e9es comme sensibles et sont soumises \u00e0 des r\u00e8gles plus strictes.<\/span><\/p><p><strong><span lang=\"FR-BE\">Qu\u2019est-ce qu\u2019un \u00ab\u00a0traitement\u00a0\u00bb de donn\u00e9es personnelles?<\/span><\/strong><\/p><p><span lang=\"FR-BE\">Le terme traitement couvre toutes les interactions que votre entreprise pourrait avoir avec les donn\u00e9es d\u2019une personne. Toute op\u00e9ration, ou ensemble d\u2019op\u00e9rations, portant sur de telles donn\u00e9es, quel que soit le proc\u00e9d\u00e9 utilis\u00e9 en fait partie : la collecte, l\u2019enregistrement, l\u2019organisation, la conservation, l\u2019adaptation, la modification, l\u2019extraction, la consultation, l\u2019utilisation, la communication par transmission, diffusion ou toute autre forme de mise \u00e0 disposition, le rapprochement ou l\u2019interconnexion, le verrouillage, l\u2019effacement ou la destruction des donn\u00e9es sont autant d\u2019exemples de traitements couverts par le r\u00e8glement.<\/span><\/p><p><strong><span lang=\"FR-BE\">Mon entreprise est-elle concern\u00e9e?<\/span><\/strong><\/p><p><span lang=\"FR-BE\">Toute entreprise, association, organisation publique ou priv\u00e9e (m\u00eame hors UE) qui collecte ou traite des donn\u00e9es \u00e0 caract\u00e8re personnel de citoyens europ\u00e9ens est soumise au r\u00e8glement, quelle que soit sa taille ou son secteur. Il y a donc de fortes chances que votre entreprise soit elle aussi soumise au r\u00e8glement : une liste d\u2019adresses pour des livraisons, un pr\u00e9nom pour une carte de fid\u00e9lit\u00e9, un site internet pour faire votre publicit\u00e9, tous ces \u00e9l\u00e9ments, qu\u2019ils soient en ligne, informatis\u00e9s ou sous format papier sont soumis au RGPD.<\/span><\/p><p><strong><span lang=\"FR-BE\">Quels sont les risques li\u00e9s au non-respect du r\u00e8glement?<\/span><\/strong><\/p><p><span lang=\"FR-BE\">Le RGPD codifie la mise en place d\u2019une autorit\u00e9 de contr\u00f4le dans chaque Etat membre de l\u2019UE. En Belgique, l\u2019Autorit\u00e9 de Protection des Donn\u00e9es a ainsi le pouvoir d\u2019interdire l\u2019utilisation des donn\u00e9es collect\u00e9es par l\u2019entreprise fautive ou d\u2019astreindre celle-ci \u00e0 une amende pouvant aller jusqu\u2019\u00e0 20.000.000 d\u2019euros suite \u00e0 un contr\u00f4le ou \u00e0 une plainte ayant relev\u00e9 une violation du r\u00e8glement.<\/span><\/p><p><strong><span lang=\"FR-BE\">Comment m\u2019assurer d\u2019\u00eatre en conformit\u00e9 avec le r\u00e8glement?<\/span><\/strong><\/p><p><span lang=\"FR-BE\">Pour vous assurer d\u2019\u00eatre en conformit\u00e9 avec le RGPD, il ne suffit pas de mettre votre site internet \u00e0 jour. Plusieurs obligations incombent aux entit\u00e9s qui traitent des donn\u00e9es personnelles. Voici ci-dessous les \u00e9tapes principales pour r\u00e9aliser la mise en conformit\u00e9 de votre soci\u00e9t\u00e9 ou de votre organisation\u00a0:<\/span><\/p><p><span lang=\"FR-BE\">1. Effectuer un \u201c\u00e9tat des lieux\u201d des donn\u00e9es personnelles trait\u00e9es.<\/span><\/p><p><span lang=\"FR-BE\">2. Nommer un DPO (Data Protection Officer &#8211; D\u00e9l\u00e9gu\u00e9 \u00e0 la protection des donn\u00e9es).<\/span><\/p><p><span lang=\"FR-BE\">3. Etablir un registre des traitements de donn\u00e9es.<\/span><\/p><p><span lang=\"FR-BE\">4. Effectuer une analyse d\u2019impact sur chaque projet impliquant un traitement de donn\u00e9es. <\/span><\/p><p><span lang=\"FR-BE\">5. Assurer la s\u00e9curit\u00e9 et la bonne gestion des donn\u00e9es et de leur conservation.<\/span><\/p><p><span lang=\"FR-BE\">6. Contr\u00f4ler la mise aux normes des documents l\u00e9gaux de l\u2019entreprise et de ses pratiques de communication.<\/span><\/p><p><span lang=\"FR-BE\">7. R\u00e9\u00e9valuer les relations et les contrats avec ses sous-traitants.<\/span><\/p><p><span lang=\"FR-BE\">8. Assurer l\u2019accessibilit\u00e9 aux donn\u00e9es et la possibilit\u00e9 de modification de celles-ci.<\/span><\/p><div><div><div><!-- [if !supportAnnotations]--><\/div><p><!--[endif]--><\/p><\/div><\/div>\t\t\t\t\t\t<\/div>\n\t\t\t\t<\/div>\n\t\t\t\t\t<\/div>\n\t\t<\/div>\n\t\t\t\t\t\t\t<\/div>\n\t\t<\/section>\n\t\t\t\t\t\t\t<\/div>\n\t\t","protected":false},"excerpt":{"rendered":"<p>Qu\u2019est-ce que le RGPD? Le R\u00e8glement G\u00e9n\u00e9ral sur la Protection des Donn\u00e9es est un r\u00e8glement europ\u00e9en instaurant un cadre l\u00e9gal pour le traitement des donn\u00e9es&hellip;<\/p>\n","protected":false},"author":1,"featured_media":0,"parent":0,"menu_order":0,"comment_status":"closed","ping_status":"closed","template":"","meta":{"footnotes":""},"aioseo_notices":[],"_links":{"self":[{"href":"https:\/\/digi-lex.be\/index.php\/wp-json\/wp\/v2\/pages\/834"}],"collection":[{"href":"https:\/\/digi-lex.be\/index.php\/wp-json\/wp\/v2\/pages"}],"about":[{"href":"https:\/\/digi-lex.be\/index.php\/wp-json\/wp\/v2\/types\/page"}],"author":[{"embeddable":true,"href":"https:\/\/digi-lex.be\/index.php\/wp-json\/wp\/v2\/users\/1"}],"replies":[{"embeddable":true,"href":"https:\/\/digi-lex.be\/index.php\/wp-json\/wp\/v2\/comments?post=834"}],"version-history":[{"count":7,"href":"https:\/\/digi-lex.be\/index.php\/wp-json\/wp\/v2\/pages\/834\/revisions"}],"predecessor-version":[{"id":846,"href":"https:\/\/digi-lex.be\/index.php\/wp-json\/wp\/v2\/pages\/834\/revisions\/846"}],"wp:attachment":[{"href":"https:\/\/digi-lex.be\/index.php\/wp-json\/wp\/v2\/media?parent=834"}],"curies":[{"name":"wp","href":"https:\/\/api.w.org\/{rel}","templated":true}]}}